{"id":3,"date":"2023-10-28T20:52:19","date_gmt":"2023-10-28T18:52:19","guid":{"rendered":"https:\/\/azzate.cabiaglio.com\/public\/?page_id=3"},"modified":"2023-11-18T10:19:52","modified_gmt":"2023-11-18T09:19:52","slug":"privacy-policy","status":"publish","type":"page","link":"https:\/\/azzatescuolainfanzia.it\/public\/index.php\/privacy-policy\/","title":{"rendered":"Privacy Policy"},"content":{"rendered":"\n<p><strong>INFORMATIVA SUL TRATTAMENTO DI DATI PERSONALI<\/strong><\/p>\n\n\n\n<p>Normativa relativa alla protezione delle persone fisiche con riguardo al trattamento dei dati personali<\/p>\n\n\n\n<p>GDPR (General Data Protection Regulation &#8211; Regolamento UE 679\/2016)<\/p>\n\n\n\n<p>Codice della Privacy D.Lgs 196\/2003 (novellato dal D.Lgs 101\/2018).<\/p>\n\n\n\n<p>Informativa resa ai sensi dell\u2019art. 13 del <em>Regolamento UE 2016\/679 <\/em>(<em>General Data Protection Regulation<\/em> \u2013 \u201c<em>GDPR 2016\/679<\/em>\u201d), recanti disposizioni a tutela delle persone e di altri soggetti rispetto al trattamento dei dati personali; dati personali e particolari oggetto di trattamento da parte della <strong>Scuola dell\u2019infanzia di Azzate<\/strong> (o anche<strong> Asilo Azzate<\/strong>).<\/p>\n\n\n\n<p><strong>Asilo Azzate <\/strong>fornisce le seguenti informazioni relative al trattamento dei dati personali &#8211; comuni ed eventualmente particolari &#8211; in quanto correlate ai servizi erogati dalla stessa (servizi meglio descritti nel sito internet www.azzatescuolainfanzia.it) e riferite agli utenti (o clienti) della Scrivente oppure riferite a coloro che navigano nelle pagine web e inviano all\u2019occorrenza richieste di informazioni tramite gli account indicati nella pagina \u201cContatti\u201d.<\/p>\n\n\n\n<ol class=\"wp-block-list\">\n<li><strong>Finalit\u00e0 del trattamento<\/strong><\/li>\n<\/ol>\n\n\n\n<p>I dati personali sono utilizzati da <strong>Asilo Azzate<\/strong>:<\/p>\n\n\n\n<p>a) per attivit\u00e0 legate alla gestione organizzativa interna dei servizi erogati dalla Scuola;<\/p>\n\n\n\n<p>b) per l\u2019emissione di titoli di pagamento (fatture, ricevute) all\u2019utenza e per ogni adempimento fiscale e amministrativo;<\/p>\n\n\n\n<p>c) per comunicare i dati, anche parziali, all\u2019occorrenza dietro specifica richiesta, ad enti pubblici o autorit\u00e0 competenti.<\/p>\n\n\n\n<p>Inoltre vengono trattati dati personali in conseguenza dei rapporti contrattuali e commerciali che la Scuola intrattiene con i propri fornitori o collaboratori esterni.<\/p>\n\n\n\n<p>I dati personali che l\u2019interessato fornisce attraverso le modalit\u00e0 indicate nella pagina \u201cContatti\u201d del sito internet vengono acquisiti e trattati principalmente:<\/p>\n\n\n\n<ul class=\"wp-block-list\">\n<li>Per l\u2019invio delle risposte alle richieste degli interessati;<\/li>\n\n\n\n<li>Per l\u2019eventuale invio materiale di carattere informativo all\u2019indirizzo email indicato;<\/li>\n\n\n\n<li>Per l\u2019elaborazione di report statistici.<\/li>\n<\/ul>\n\n\n\n<p>Si rende noto inoltre che consultando il nostro sito internet, il sistema pu\u00f2 acquisire dati tecnici di navigazione relativi all\u2019indirizzo IP, codici identificativi dei dispositivi utilizzati dall\u2019utente per la fruizione delle pagine o dei servizi, dati riferiti alle caratteristiche del browser e agli orari di accesso, altri dati di navigazione anonimizzati.<\/p>\n\n\n\n<p>Nessun dato personale degli utenti che utilizzano il sito internet viene acquisito tramite sistemi software. Non viene fatto uso di <em>cookies <\/em>per la trasmissione di informazioni di carattere personale, n\u00e9 vengono utilizzati <em>cookies <\/em>persistenti di alcun tipo, ovvero sistemi per il tracciamento degli utenti. L\u2019uso dei <em>cookies <\/em>di sessione (che non vengono memorizzati in modo permanente sul computer dell\u2019utente e svaniscono con la chiusura del browser) \u00e8 strettamente limitato alla trasmissione di identificativi di sessione (costituiti da numeri casuali generati dal <em>server<\/em>) necessari per consentire l\u2019esplorazione sicura ed efficiente del sito.<\/p>\n\n\n\n<p>Nell\u2019ambito della finalit\u00e0 per cui i dati personali vengono raccolti, <strong>Asilo Azzate <\/strong>effettua il trattamento di detti dati secondo i principi di correttezza, liceit\u00e0, trasparenza e di tutela della riservatezza dei diritti dell\u2019interessato.<\/p>\n\n\n\n<ol class=\"wp-block-list\" start=\"2\">\n<li><strong>Natura del conferimento<\/strong><\/li>\n<\/ol>\n\n\n\n<p>Il conferimento dei dati personali necessari per le finalit\u00e0 di cui al punto 1 a), b), c) della presente \u00e8 indispensabile per l\u2019esecuzione della prestazione richiesti dall\u2019utenza.<\/p>\n\n\n\n<p>Il mancato conferimento dei dati richiesti determiner\u00e0 l\u2019impossibilit\u00e0 a procedere con la completa erogazione dei servizi offerti o l\u2019ostacolo \/ impedimento alla prosecuzione dei rapporti in corso.<\/p>\n\n\n\n<ol class=\"wp-block-list\" start=\"3\">\n<li><strong>Modalit\u00e0 di trattamento dei dati<\/strong><\/li>\n<\/ol>\n\n\n\n<p>I Dati Personali sono trattati &#8211; secondo i principi di correttezza, liceit\u00e0 e trasparenza sia in forma cartacea che elettronica. La disponibilit\u00e0, la gestione, l\u2019accesso, la conservazione e la fruibilit\u00e0 dei dati \u00e8 garantita dall\u2019adozione di misure tecniche e organizzative per assicurare idonei livelli di sicurezza ai sensi degli artt. 25 e 32 del GDPR. I dati, sia in forma cartacea che elettronica, sono protetti e accessibili solo al personale autorizzato.<\/p>\n\n\n\n<ol class=\"wp-block-list\" start=\"4\">\n<li><strong>Conservazione dei dati personali<\/strong><\/li>\n<\/ol>\n\n\n\n<p>I Dati Personali saranno conservati solo per il tempo necessario ai fini per cui sono raccolti, rispettando il principio di minimizzazione di cui all\u2019articolo 5, comma 1, lettera c) del GDPR nonch\u00e9 gli obblighi di legge cui \u00e8 tenuto il Titolare. Maggiori informazioni sulle tempistiche di conservazione e trattamento sono disponibili presso il Titolare.<\/p>\n\n\n\n<ol class=\"wp-block-list\" start=\"5\">\n<li><strong>Categorie di soggetti destinatari dei dati<\/strong><\/li>\n<\/ol>\n\n\n\n<p>Nello svolgimento della propria attivit\u00e0 e per il perseguimento delle finalit\u00e0 di cui al precedente paragrafo 1, il Titolare potrebbe comunicare i Dati Personali, anche, all\u2019occorrenza, riguardanti lo stato di salute, a:<\/p>\n\n\n\n<p>&#8211; persone fisiche autorizzate dal Titolare al trattamento di dati personali in ragione dell\u2019espletamento delle loro mansioni lavorative (per esempio servizi di mensa);<\/p>\n\n\n\n<p>&#8211; soggetti terzi in rapporto contrattuale o convenzionale con il Titolare;<\/p>\n\n\n\n<p>&#8211; organi della pubblica amministrazione, autorit\u00e0 di pubblica sicurezza, autorit\u00e0 giudiziaria ed enti assicurativi e altri soggetti, enti o autorit\u00e0 che agiscono nella loro qualit\u00e0 di titolari autonomi di trattamento, a cui sia obbligatorio comunicare i Dati Personali in forza di disposizioni di legge o di ordini delle autorit\u00e0;<\/p>\n\n\n\n<p>&#8211; fornitori di servizi (come consulenti, istituti di credito, enti certificatori, ecc..) i quali agiscono tipicamente in qualit\u00e0 di responsabili del trattamento ex art. 28 del Regolamento &#8211; strettamente correlati e funzionali all\u2019attivit\u00e0 del Titolare.<\/p>\n\n\n\n<p>I dati non saranno trasferiti verso paesi terzi e saranno conservati presso la sede del Titolare del trattamento o, in caso di dati riportati in forma cartacea (documenti) in strutture riconosciute e incaricate dal Titolare.<\/p>\n\n\n\n<ol class=\"wp-block-list\" start=\"6\">\n<li><strong>Diritti dell\u2019interessato<\/strong><\/li>\n<\/ol>\n\n\n\n<p>L\u2019interessato ha il diritto di accedere in qualunque momento ai dati che lo riguardano, ai sensi degli artt. 15-22 GDPR. In particolare, l\u2019interessato potr\u00e0 chiedere la rettifica, la cancellazione, la limitazione del trattamento dei dati stessi nei casi previsti dall&#8217;art. 18 del GDPR, la revoca del consenso prestato ai sensi dell\u2019art. 7 del GDPR, di ottenere la portabilit\u00e0 dei dati che lo riguardano nei casi previsti dall&#8217;art. 20 del GDPR, nonch\u00e9 proporre reclamo all&#8217;autorit\u00e0 di controllo competente ex articolo 77 del GDPR (Garante per la Protezione dei Dati Personali). L\u2019interessato pu\u00f2 formulare una richiesta di opposizione al trattamento dei propri dati ex articolo 21 del GDPR nella quale dare evidenza delle ragioni che giustifichino l\u2019opposizione: il Titolare si riserva di valutare l\u2019istanza, che non verrebbe accettata in caso di esistenza di motivi legittimi cogenti per procedere al trattamento che prevalgano sugli interessi dell\u2019interessato, diritti e libert\u00e0. Le richieste vanno rivolte per iscritto al Titolare.<\/p>\n\n\n\n<ol class=\"wp-block-list\" start=\"7\">\n<li><strong>Titolare del trattamento<\/strong><\/li>\n<\/ol>\n\n\n\n<p>Il titolare del trattamento \u00e8 <strong>Scuola dell\u2019infanzia di Azzate<\/strong>,i cui dati sono indicati nella presente informativa, nella persona del suo Legale Rappresentante.<\/p>\n\n\n\n<p>\u00c8 possibile contattare il titolare all\u2019indirizzo <strong>scuolamaternaazzate@libero.it<\/strong><\/p>\n\n\n\n<p><\/p>\n","protected":false},"excerpt":{"rendered":"<p>INFORMATIVA SUL TRATTAMENTO DI DATI PERSONALI Normativa relativa alla protezione delle persone fisiche con riguardo al trattamento dei dati personali GDPR (General Data Protection Regulation &#8211; Regolamento UE 679\/2016) Codice della Privacy D.Lgs 196\/2003 (novellato dal D.Lgs 101\/2018). Informativa resa ai sensi dell\u2019art. 13 del Regolamento UE 2016\/679 (General Data Protection Regulation \u2013 \u201cGDPR 2016\/679\u201d), &hellip; <\/p>\n<p class=\"link-more\"><a href=\"https:\/\/azzatescuolainfanzia.it\/public\/index.php\/privacy-policy\/\" class=\"more-link\">Leggi tutto<span class=\"screen-reader-text\"> &#8220;Privacy Policy&#8221;<\/span><\/a><\/p>\n","protected":false},"author":1,"featured_media":0,"parent":0,"menu_order":0,"comment_status":"closed","ping_status":"open","template":"","meta":{"footnotes":""},"class_list":["post-3","page","type-page","status-publish","hentry"],"_links":{"self":[{"href":"https:\/\/azzatescuolainfanzia.it\/public\/index.php\/wp-json\/wp\/v2\/pages\/3","targetHints":{"allow":["GET"]}}],"collection":[{"href":"https:\/\/azzatescuolainfanzia.it\/public\/index.php\/wp-json\/wp\/v2\/pages"}],"about":[{"href":"https:\/\/azzatescuolainfanzia.it\/public\/index.php\/wp-json\/wp\/v2\/types\/page"}],"author":[{"embeddable":true,"href":"https:\/\/azzatescuolainfanzia.it\/public\/index.php\/wp-json\/wp\/v2\/users\/1"}],"replies":[{"embeddable":true,"href":"https:\/\/azzatescuolainfanzia.it\/public\/index.php\/wp-json\/wp\/v2\/comments?post=3"}],"version-history":[{"count":1,"href":"https:\/\/azzatescuolainfanzia.it\/public\/index.php\/wp-json\/wp\/v2\/pages\/3\/revisions"}],"predecessor-version":[{"id":167,"href":"https:\/\/azzatescuolainfanzia.it\/public\/index.php\/wp-json\/wp\/v2\/pages\/3\/revisions\/167"}],"wp:attachment":[{"href":"https:\/\/azzatescuolainfanzia.it\/public\/index.php\/wp-json\/wp\/v2\/media?parent=3"}],"curies":[{"name":"wp","href":"https:\/\/api.w.org\/{rel}","templated":true}]}}