{"id":368,"date":"2025-01-07T16:34:33","date_gmt":"2025-01-07T15:34:33","guid":{"rendered":"https:\/\/azzatescuolainfanzia.it\/public\/?page_id=368"},"modified":"2025-01-07T16:57:24","modified_gmt":"2025-01-07T15:57:24","slug":"iscrizioni-anno-scolastico-2025-2026","status":"publish","type":"page","link":"https:\/\/azzatescuolainfanzia.it\/public\/index.php\/iscrizioni-anno-scolastico-2025-2026\/","title":{"rendered":"Iscrizioni Anno Scolastico 2025 &#8211; 2026"},"content":{"rendered":"\n<p>Le iscrizioni per l&#8217;anno a.s. 2025-2026 sono aperte dal 8 al 31 gennaio 2025.<\/p>\n\n\n\n<p>Qui di seguito trovate i moduli da completare e da consegnare in segreteria.<\/p>\n\n\n\n<p>Per ogni informazione chiamate la segreteria al numero 0332\/459286 o via email scuolamaternaazzate@libero.it<br>L&#8217;orario della segreteria per ogni vostra richiesta \u00e8 dalle 8.00 alle 12 dal marted\u00ec al venerd\u00ec.<\/p>\n\n\n\n<p>Per i due documenti seguenti \u00e8 necessaria la presa visione<\/p>\n\n\n\n<p><a href=\"https:\/\/azzatescuolainfanzia.it\/public\/wp-content\/uploads\/2025\/01\/ScuolaInfanzia.TR2528.Regolamento-2025.pdf\">Regolamento 2025\/26<\/a> <\/p>\n\n\n\n<p><a href=\"https:\/\/azzatescuolainfanzia.it\/public\/wp-content\/uploads\/2025\/01\/PTOF_micro_prima_infanzia_web-25-28.pdf\">PTOF 2025\/28<\/a><\/p>\n\n\n\n<p>Per i seguenti documenti \u00e8 necessaria la presa visione, la compilazione in formato cartaceo da consegnare alla segretaria. <\/p>\n\n\n\n<p><a href=\"https:\/\/azzatescuolainfanzia.it\/public\/wp-content\/uploads\/2025\/01\/Patto-educativo-corresponsabilita-2025.pdf\">Patto Educativo 2025\/26<\/a><\/p>\n\n\n\n<p><a href=\"https:\/\/azzatescuolainfanzia.it\/public\/wp-content\/uploads\/2025\/01\/MODULO-TRATTAMENTO-DAT-2025I.pdf\">Modulo Trattamento dati<\/a><\/p>\n\n\n\n<p><a href=\"https:\/\/azzatescuolainfanzia.it\/public\/wp-content\/uploads\/2025\/01\/Informativa-Allergeni-2025.pdf\">Informativa Allergeni<\/a><\/p>\n\n\n\n<p><a href=\"https:\/\/azzatescuolainfanzia.it\/public\/wp-content\/uploads\/2025\/01\/Modulo-iscrizion-25-26-polo-06.pdf\">Modulo Iscrizione 2025\/26<\/a><\/p>\n\n\n\n<p><a href=\"https:\/\/azzatescuolainfanzia.it\/public\/wp-content\/uploads\/2025\/01\/MODULO-CONSENSO-IMMAGINI-2025-26.pdf\">Consenso Immagini<\/a><\/p>\n\n\n\n<p><a href=\"https:\/\/azzatescuolainfanzia.it\/public\/wp-content\/uploads\/2025\/01\/Graduatorie-2025.pdf\">Modulo Graduatorie 2025\/26<\/a><\/p>\n\n\n\n<p><\/p>\n","protected":false},"excerpt":{"rendered":"<p>Le iscrizioni per l&#8217;anno a.s. 2025-2026 sono aperte dal 8 al 31 gennaio 2025. Qui di seguito trovate i moduli da completare e da consegnare in segreteria. Per ogni informazione chiamate la segreteria al numero 0332\/459286 o via email scuolamaternaazzate@libero.itL&#8217;orario della segreteria per ogni vostra richiesta \u00e8 dalle 8.00 alle 12 dal marted\u00ec al venerd\u00ec. &hellip; <\/p>\n<p class=\"link-more\"><a href=\"https:\/\/azzatescuolainfanzia.it\/public\/index.php\/iscrizioni-anno-scolastico-2025-2026\/\" class=\"more-link\">Leggi tutto<span class=\"screen-reader-text\"> &#8220;Iscrizioni Anno Scolastico 2025 &#8211; 2026&#8221;<\/span><\/a><\/p>\n","protected":false},"author":1,"featured_media":0,"parent":0,"menu_order":0,"comment_status":"closed","ping_status":"closed","template":"","meta":{"footnotes":""},"class_list":["post-368","page","type-page","status-publish","hentry"],"_links":{"self":[{"href":"https:\/\/azzatescuolainfanzia.it\/public\/index.php\/wp-json\/wp\/v2\/pages\/368","targetHints":{"allow":["GET"]}}],"collection":[{"href":"https:\/\/azzatescuolainfanzia.it\/public\/index.php\/wp-json\/wp\/v2\/pages"}],"about":[{"href":"https:\/\/azzatescuolainfanzia.it\/public\/index.php\/wp-json\/wp\/v2\/types\/page"}],"author":[{"embeddable":true,"href":"https:\/\/azzatescuolainfanzia.it\/public\/index.php\/wp-json\/wp\/v2\/users\/1"}],"replies":[{"embeddable":true,"href":"https:\/\/azzatescuolainfanzia.it\/public\/index.php\/wp-json\/wp\/v2\/comments?post=368"}],"version-history":[{"count":5,"href":"https:\/\/azzatescuolainfanzia.it\/public\/index.php\/wp-json\/wp\/v2\/pages\/368\/revisions"}],"predecessor-version":[{"id":383,"href":"https:\/\/azzatescuolainfanzia.it\/public\/index.php\/wp-json\/wp\/v2\/pages\/368\/revisions\/383"}],"wp:attachment":[{"href":"https:\/\/azzatescuolainfanzia.it\/public\/index.php\/wp-json\/wp\/v2\/media?parent=368"}],"curies":[{"name":"wp","href":"https:\/\/api.w.org\/{rel}","templated":true}]}}